{"id":15251,"date":"2024-10-24T18:21:33","date_gmt":"2024-10-24T16:21:33","guid":{"rendered":"https:\/\/www.isvin.fr\/?page_id=15251"},"modified":"2025-03-21T09:42:58","modified_gmt":"2025-03-21T08:42:58","slug":"prendre-rdv","status":"publish","type":"page","link":"https:\/\/www.isvin.fr\/en\/contact-2\/prendre-rdv\/","title":{"rendered":"Prendre RDV"},"content":{"rendered":"<p>[et_pb_section fb_built=\u00a0\u00bb1&Prime; fullwidth=\u00a0\u00bbon\u00a0\u00bb _builder_version=\u00a0\u00bb4.16&Prime; custom_margin=\u00a0\u00bb||0px|\u00a0\u00bb z_index_tablet=\u00a0\u00bb500&Prime; box_shadow_horizontal_tablet=\u00a0\u00bb0px\u00a0\u00bb box_shadow_vertical_tablet=\u00a0\u00bb0px\u00a0\u00bb box_shadow_blur_tablet=\u00a0\u00bb40px\u00a0\u00bb box_shadow_spread_tablet=\u00a0\u00bb0px\u00a0\u00bb global_colors_info=\u00a0\u00bb{}\u00a0\u00bb][et_pb_fullwidth_header title=\u00a0\u00bbPrendre RDV\u00a0\u00bb _builder_version=\u00a0\u00bb4.16&Prime; background_image=\u00a0\u00bbhttps:\/\/www.isvin.fr\/wp-content\/uploads\/2019\/07\/51647876_2139290036127581_1748026061402144768_o.jpg\u00a0\u00bb z_index_tablet=\u00a0\u00bb500&Prime; title_text_shadow_horizontal_length_tablet=\u00a0\u00bb0px\u00a0\u00bb title_text_shadow_vertical_length_tablet=\u00a0\u00bb0px\u00a0\u00bb title_text_shadow_blur_strength_tablet=\u00a0\u00bb1px\u00a0\u00bb content_text_shadow_horizontal_length_tablet=\u00a0\u00bb0px\u00a0\u00bb content_text_shadow_vertical_length_tablet=\u00a0\u00bb0px\u00a0\u00bb content_text_shadow_blur_strength_tablet=\u00a0\u00bb1px\u00a0\u00bb subhead_text_shadow_horizontal_length_tablet=\u00a0\u00bb0px\u00a0\u00bb subhead_text_shadow_vertical_length_tablet=\u00a0\u00bb0px\u00a0\u00bb subhead_text_shadow_blur_strength_tablet=\u00a0\u00bb1px\u00a0\u00bb content_link_text_shadow_horizontal_length_tablet=\u00a0\u00bb0px\u00a0\u00bb content_link_text_shadow_vertical_length_tablet=\u00a0\u00bb0px\u00a0\u00bb content_link_text_shadow_blur_strength_tablet=\u00a0\u00bb1px\u00a0\u00bb content_ul_text_shadow_horizontal_length_tablet=\u00a0\u00bb0px\u00a0\u00bb content_ul_text_shadow_vertical_length_tablet=\u00a0\u00bb0px\u00a0\u00bb content_ul_text_shadow_blur_strength_tablet=\u00a0\u00bb1px\u00a0\u00bb content_ol_text_shadow_horizontal_length_tablet=\u00a0\u00bb0px\u00a0\u00bb content_ol_text_shadow_vertical_length_tablet=\u00a0\u00bb0px\u00a0\u00bb content_ol_text_shadow_blur_strength_tablet=\u00a0\u00bb1px\u00a0\u00bb content_quote_text_shadow_horizontal_length_tablet=\u00a0\u00bb0px\u00a0\u00bb content_quote_text_shadow_vertical_length_tablet=\u00a0\u00bb0px\u00a0\u00bb content_quote_text_shadow_blur_strength_tablet=\u00a0\u00bb1px\u00a0\u00bb button_one_text_shadow_horizontal_length_tablet=\u00a0\u00bb0px\u00a0\u00bb button_one_text_shadow_vertical_length_tablet=\u00a0\u00bb0px\u00a0\u00bb button_one_text_shadow_blur_strength_tablet=\u00a0\u00bb1px\u00a0\u00bb button_two_text_shadow_horizontal_length_tablet=\u00a0\u00bb0px\u00a0\u00bb button_two_text_shadow_vertical_length_tablet=\u00a0\u00bb0px\u00a0\u00bb button_two_text_shadow_blur_strength_tablet=\u00a0\u00bb1px\u00a0\u00bb box_shadow_horizontal_tablet=\u00a0\u00bb0px\u00a0\u00bb box_shadow_vertical_tablet=\u00a0\u00bb0px\u00a0\u00bb box_shadow_blur_tablet=\u00a0\u00bb40px\u00a0\u00bb box_shadow_spread_tablet=\u00a0\u00bb0px\u00a0\u00bb box_shadow_horizontal_image_tablet=\u00a0\u00bb0px\u00a0\u00bb box_shadow_vertical_image_tablet=\u00a0\u00bb0px\u00a0\u00bb box_shadow_blur_image_tablet=\u00a0\u00bb40px\u00a0\u00bb box_shadow_spread_image_tablet=\u00a0\u00bb0px\u00a0\u00bb box_shadow_horizontal_button_one_tablet=\u00a0\u00bb0px\u00a0\u00bb box_shadow_vertical_button_one_tablet=\u00a0\u00bb0px\u00a0\u00bb box_shadow_blur_button_one_tablet=\u00a0\u00bb40px\u00a0\u00bb box_shadow_spread_button_one_tablet=\u00a0\u00bb0px\u00a0\u00bb box_shadow_horizontal_button_two_tablet=\u00a0\u00bb0px\u00a0\u00bb box_shadow_vertical_button_two_tablet=\u00a0\u00bb0px\u00a0\u00bb box_shadow_blur_button_two_tablet=\u00a0\u00bb40px\u00a0\u00bb box_shadow_spread_button_two_tablet=\u00a0\u00bb0px\u00a0\u00bb text_shadow_horizontal_length_tablet=\u00a0\u00bb0px\u00a0\u00bb text_shadow_vertical_length_tablet=\u00a0\u00bb0px\u00a0\u00bb text_shadow_blur_strength_tablet=\u00a0\u00bb1px\u00a0\u00bb global_colors_info=\u00a0\u00bb{}\u00a0\u00bb][\/et_pb_fullwidth_header][\/et_pb_section][et_pb_section fb_built=\u00a0\u00bb1&Prime; _builder_version=\u00a0\u00bb4.16&Prime; custom_margin=\u00a0\u00bb0px|||\u00a0\u00bb custom_padding=\u00a0\u00bb0px|||\u00a0\u00bb z_index_tablet=\u00a0\u00bb500&Prime; box_shadow_horizontal_tablet=\u00a0\u00bb0px\u00a0\u00bb box_shadow_vertical_tablet=\u00a0\u00bb0px\u00a0\u00bb box_shadow_blur_tablet=\u00a0\u00bb40px\u00a0\u00bb box_shadow_spread_tablet=\u00a0\u00bb0px\u00a0\u00bb global_colors_info=\u00a0\u00bb{}\u00a0\u00bb][et_pb_row _builder_version=\u00a0\u00bb4.16&Prime; custom_margin=\u00a0\u00bb0px||0px|\u00a0\u00bb z_index_tablet=\u00a0\u00bb500&Prime; box_shadow_horizontal_tablet=\u00a0\u00bb0px\u00a0\u00bb box_shadow_vertical_tablet=\u00a0\u00bb0px\u00a0\u00bb box_shadow_blur_tablet=\u00a0\u00bb40px\u00a0\u00bb box_shadow_spread_tablet=\u00a0\u00bb0px\u00a0\u00bb global_colors_info=\u00a0\u00bb{}\u00a0\u00bb][et_pb_column type=\u00a0\u00bb4_4&Prime; _builder_version=\u00a0\u00bb4.16&Prime; custom_padding=\u00a0\u00bb|||\u00a0\u00bb global_colors_info=\u00a0\u00bb{}\u00a0\u00bb custom_padding__hover=\u00a0\u00bb|||\u00a0\u00bb][et_pb_text _builder_version=\u00a0\u00bb4.27.4&Prime; custom_margin=\u00a0\u00bb0px||0px|\u00a0\u00bb z_index_tablet=\u00a0\u00bb500&Prime; text_text_shadow_horizontal_length_tablet=\u00a0\u00bb0px\u00a0\u00bb text_text_shadow_vertical_length_tablet=\u00a0\u00bb0px\u00a0\u00bb text_text_shadow_blur_strength_tablet=\u00a0\u00bb1px\u00a0\u00bb link_text_shadow_horizontal_length_tablet=\u00a0\u00bb0px\u00a0\u00bb link_text_shadow_vertical_length_tablet=\u00a0\u00bb0px\u00a0\u00bb link_text_shadow_blur_strength_tablet=\u00a0\u00bb1px\u00a0\u00bb ul_text_shadow_horizontal_length_tablet=\u00a0\u00bb0px\u00a0\u00bb ul_text_shadow_vertical_length_tablet=\u00a0\u00bb0px\u00a0\u00bb ul_text_shadow_blur_strength_tablet=\u00a0\u00bb1px\u00a0\u00bb ol_text_shadow_horizontal_length_tablet=\u00a0\u00bb0px\u00a0\u00bb ol_text_shadow_vertical_length_tablet=\u00a0\u00bb0px\u00a0\u00bb ol_text_shadow_blur_strength_tablet=\u00a0\u00bb1px\u00a0\u00bb quote_text_shadow_horizontal_length_tablet=\u00a0\u00bb0px\u00a0\u00bb quote_text_shadow_vertical_length_tablet=\u00a0\u00bb0px\u00a0\u00bb quote_text_shadow_blur_strength_tablet=\u00a0\u00bb1px\u00a0\u00bb header_text_shadow_horizontal_length_tablet=\u00a0\u00bb0px\u00a0\u00bb header_text_shadow_vertical_length_tablet=\u00a0\u00bb0px\u00a0\u00bb header_text_shadow_blur_strength_tablet=\u00a0\u00bb1px\u00a0\u00bb header_2_text_shadow_horizontal_length_tablet=\u00a0\u00bb0px\u00a0\u00bb header_2_text_shadow_vertical_length_tablet=\u00a0\u00bb0px\u00a0\u00bb header_2_text_shadow_blur_strength_tablet=\u00a0\u00bb1px\u00a0\u00bb header_3_text_shadow_horizontal_length_tablet=\u00a0\u00bb0px\u00a0\u00bb header_3_text_shadow_vertical_length_tablet=\u00a0\u00bb0px\u00a0\u00bb header_3_text_shadow_blur_strength_tablet=\u00a0\u00bb1px\u00a0\u00bb header_4_text_shadow_horizontal_length_tablet=\u00a0\u00bb0px\u00a0\u00bb header_4_text_shadow_vertical_length_tablet=\u00a0\u00bb0px\u00a0\u00bb header_4_text_shadow_blur_strength_tablet=\u00a0\u00bb1px\u00a0\u00bb header_5_text_shadow_horizontal_length_tablet=\u00a0\u00bb0px\u00a0\u00bb header_5_text_shadow_vertical_length_tablet=\u00a0\u00bb0px\u00a0\u00bb header_5_text_shadow_blur_strength_tablet=\u00a0\u00bb1px\u00a0\u00bb header_6_text_shadow_horizontal_length_tablet=\u00a0\u00bb0px\u00a0\u00bb header_6_text_shadow_vertical_length_tablet=\u00a0\u00bb0px\u00a0\u00bb header_6_text_shadow_blur_strength_tablet=\u00a0\u00bb1px\u00a0\u00bb box_shadow_horizontal_tablet=\u00a0\u00bb0px\u00a0\u00bb box_shadow_vertical_tablet=\u00a0\u00bb0px\u00a0\u00bb box_shadow_blur_tablet=\u00a0\u00bb40px\u00a0\u00bb box_shadow_spread_tablet=\u00a0\u00bb0px\u00a0\u00bb global_colors_info=\u00a0\u00bb{}\u00a0\u00bb]<\/p>\n<h1 style=\"text-align: center;\">Discutez avec nous et trouvez votre voie dans les vins et spiritueux<\/h1>\n<p><strong>Vous h\u00e9sitez encore sur votre choix de formation<\/strong> ? Profitez de nos prochains \u00e9v\u00e8nements pour r\u00e9servez une session d\u2019information avec notre responsable des relations \u00e9tudiants et entreprises pour d\u00e9couvrir nos programmes et voir comment l&rsquo;ISV peut vous aider \u00e0 atteindre vos objectifs dans le secteur des vins et spiritueux.<\/p>\n<p>[\/et_pb_text][\/et_pb_column][\/et_pb_row][et_pb_row _builder_version=\u00a0\u00bb4.16&Prime; background_size=\u00a0\u00bbinitial\u00a0\u00bb background_position=\u00a0\u00bbtop_left\u00a0\u00bb background_repeat=\u00a0\u00bbrepeat\u00a0\u00bb custom_margin=\u00a0\u00bb0px||0px|\u00a0\u00bb z_index_tablet=\u00a0\u00bb500&Prime; box_shadow_horizontal_tablet=\u00a0\u00bb0px\u00a0\u00bb box_shadow_vertical_tablet=\u00a0\u00bb0px\u00a0\u00bb box_shadow_blur_tablet=\u00a0\u00bb40px\u00a0\u00bb box_shadow_spread_tablet=\u00a0\u00bb0px\u00a0\u00bb collapsed=\u00a0\u00bboff\u00a0\u00bb global_colors_info=\u00a0\u00bb{}\u00a0\u00bb][et_pb_column type=\u00a0\u00bb4_4&Prime; _builder_version=\u00a0\u00bb4.16&Prime; custom_padding=\u00a0\u00bb|||\u00a0\u00bb global_colors_info=\u00a0\u00bb{}\u00a0\u00bb custom_padding__hover=\u00a0\u00bb|||\u00a0\u00bb][et_pb_image src=\u00a0\u00bbhttps:\/\/www.isvin.fr\/wp-content\/uploads\/2024\/10\/2-300&#215;300.png\u00a0\u00bb title_text=\u00a0\u00bb2&Prime; align=\u00a0\u00bbcenter\u00a0\u00bb _builder_version=\u00a0\u00bb4.27.4&Prime; custom_margin=\u00a0\u00bb||26px||false|false\u00a0\u00bb z_index_tablet=\u00a0\u00bb500&Prime; box_shadow_horizontal_tablet=\u00a0\u00bb0px\u00a0\u00bb box_shadow_vertical_tablet=\u00a0\u00bb0px\u00a0\u00bb box_shadow_blur_tablet=\u00a0\u00bb40px\u00a0\u00bb box_shadow_spread_tablet=\u00a0\u00bb0px\u00a0\u00bb global_colors_info=\u00a0\u00bb{}\u00a0\u00bb][\/et_pb_image][et_pb_button button_url=\u00a0\u00bbhttps:\/\/events.studizz.fr\/link\/66f2791b9daaf136087eca29&Prime; url_new_window=\u00a0\u00bbon\u00a0\u00bb button_text=\u00a0\u00bbParlons de votre avenir \u2013 Prendre RDV\u00a0\u00bb button_alignment=\u00a0\u00bbcenter\u00a0\u00bb _builder_version=\u00a0\u00bb4.16&Prime; custom_button=\u00a0\u00bbon\u00a0\u00bb button_text_size=\u00a0\u00bb20px\u00a0\u00bb z_index_tablet=\u00a0\u00bb500&Prime; button_text_shadow_horizontal_length_tablet=\u00a0\u00bb0px\u00a0\u00bb button_text_shadow_vertical_length_tablet=\u00a0\u00bb0px\u00a0\u00bb button_text_shadow_blur_strength_tablet=\u00a0\u00bb1px\u00a0\u00bb box_shadow_horizontal_tablet=\u00a0\u00bb0px\u00a0\u00bb box_shadow_vertical_tablet=\u00a0\u00bb0px\u00a0\u00bb box_shadow_blur_tablet=\u00a0\u00bb40px\u00a0\u00bb box_shadow_spread_tablet=\u00a0\u00bb0px\u00a0\u00bb global_colors_info=\u00a0\u00bb{}\u00a0\u00bb][\/et_pb_button][\/et_pb_column][\/et_pb_row][et_pb_row _builder_version=\u00a0\u00bb4.16&Prime; background_color=\u00a0\u00bb#ffffff\u00a0\u00bb z_index_tablet=\u00a0\u00bb500&Prime; box_shadow_horizontal_tablet=\u00a0\u00bb0px\u00a0\u00bb box_shadow_vertical_tablet=\u00a0\u00bb0px\u00a0\u00bb box_shadow_blur_tablet=\u00a0\u00bb40px\u00a0\u00bb box_shadow_spread_tablet=\u00a0\u00bb0px\u00a0\u00bb global_colors_info=\u00a0\u00bb{}\u00a0\u00bb][et_pb_column type=\u00a0\u00bb4_4&Prime; _builder_version=\u00a0\u00bb4.16&Prime; custom_padding=\u00a0\u00bb|||\u00a0\u00bb global_colors_info=\u00a0\u00bb{}\u00a0\u00bb custom_padding__hover=\u00a0\u00bb|||\u00a0\u00bb][et_pb_text _builder_version=\u00a0\u00bb4.16&Prime; background_size=\u00a0\u00bbinitial\u00a0\u00bb background_position=\u00a0\u00bbtop_left\u00a0\u00bb background_repeat=\u00a0\u00bbrepeat\u00a0\u00bb text_orientation=\u00a0\u00bbjustified\u00a0\u00bb custom_padding=\u00a0\u00bb10px|10px|10px|10px\u00a0\u00bb z_index_tablet=\u00a0\u00bb500&Prime; text_text_shadow_horizontal_length_tablet=\u00a0\u00bb0px\u00a0\u00bb text_text_shadow_vertical_length_tablet=\u00a0\u00bb0px\u00a0\u00bb text_text_shadow_blur_strength_tablet=\u00a0\u00bb1px\u00a0\u00bb link_text_shadow_horizontal_length_tablet=\u00a0\u00bb0px\u00a0\u00bb link_text_shadow_vertical_length_tablet=\u00a0\u00bb0px\u00a0\u00bb link_text_shadow_blur_strength_tablet=\u00a0\u00bb1px\u00a0\u00bb ul_text_shadow_horizontal_length_tablet=\u00a0\u00bb0px\u00a0\u00bb ul_text_shadow_vertical_length_tablet=\u00a0\u00bb0px\u00a0\u00bb ul_text_shadow_blur_strength_tablet=\u00a0\u00bb1px\u00a0\u00bb ol_text_shadow_horizontal_length_tablet=\u00a0\u00bb0px\u00a0\u00bb ol_text_shadow_vertical_length_tablet=\u00a0\u00bb0px\u00a0\u00bb ol_text_shadow_blur_strength_tablet=\u00a0\u00bb1px\u00a0\u00bb quote_text_shadow_horizontal_length_tablet=\u00a0\u00bb0px\u00a0\u00bb quote_text_shadow_vertical_length_tablet=\u00a0\u00bb0px\u00a0\u00bb quote_text_shadow_blur_strength_tablet=\u00a0\u00bb1px\u00a0\u00bb header_text_shadow_horizontal_length_tablet=\u00a0\u00bb0px\u00a0\u00bb header_text_shadow_vertical_length_tablet=\u00a0\u00bb0px\u00a0\u00bb header_text_shadow_blur_strength_tablet=\u00a0\u00bb1px\u00a0\u00bb header_2_text_shadow_horizontal_length_tablet=\u00a0\u00bb0px\u00a0\u00bb header_2_text_shadow_vertical_length_tablet=\u00a0\u00bb0px\u00a0\u00bb header_2_text_shadow_blur_strength_tablet=\u00a0\u00bb1px\u00a0\u00bb header_3_text_shadow_horizontal_length_tablet=\u00a0\u00bb0px\u00a0\u00bb header_3_text_shadow_vertical_length_tablet=\u00a0\u00bb0px\u00a0\u00bb header_3_text_shadow_blur_strength_tablet=\u00a0\u00bb1px\u00a0\u00bb header_4_text_shadow_horizontal_length_tablet=\u00a0\u00bb0px\u00a0\u00bb header_4_text_shadow_vertical_length_tablet=\u00a0\u00bb0px\u00a0\u00bb header_4_text_shadow_blur_strength_tablet=\u00a0\u00bb1px\u00a0\u00bb header_5_text_shadow_horizontal_length_tablet=\u00a0\u00bb0px\u00a0\u00bb header_5_text_shadow_vertical_length_tablet=\u00a0\u00bb0px\u00a0\u00bb header_5_text_shadow_blur_strength_tablet=\u00a0\u00bb1px\u00a0\u00bb header_6_text_shadow_horizontal_length_tablet=\u00a0\u00bb0px\u00a0\u00bb header_6_text_shadow_vertical_length_tablet=\u00a0\u00bb0px\u00a0\u00bb header_6_text_shadow_blur_strength_tablet=\u00a0\u00bb1px\u00a0\u00bb border_width_all=\u00a0\u00bb1px\u00a0\u00bb box_shadow_horizontal_tablet=\u00a0\u00bb0px\u00a0\u00bb box_shadow_vertical_tablet=\u00a0\u00bb0px\u00a0\u00bb box_shadow_blur_tablet=\u00a0\u00bb40px\u00a0\u00bb box_shadow_spread_tablet=\u00a0\u00bb0px\u00a0\u00bb global_colors_info=\u00a0\u00bb{}\u00a0\u00bb]<\/p>\n<h3><strong>Les avantages du RDV personnalis\u00e9 : <\/strong><\/h3>\n<ul>\n<li><strong>Expertise reconnue<\/strong> : Une interlocutrice sp\u00e9cialiste du secteur des vins et spiritueux.<\/li>\n<li><strong>Conseils sur mesure<\/strong> : Nous vous aidons \u00e0 choisir le programme adapt\u00e9 \u00e0 vos ambitions.<\/li>\n<li><strong>D\u00e9couverte du campus et des programmes<\/strong> : Posez toutes vos questions sur l\u2019alternance, les stages, les formations.<\/li>\n<li><strong>Opportunit\u00e9s de carri\u00e8re<\/strong> : Informez vous sur les partenariats avec des entreprises du secteur.<\/li>\n<\/ul>\n<p>Vous serez rappel\u00e9s sur le cr\u00e9neau choisi par Caroline Poulain responsable des relations \u00e9tudiants et entreprises. Issue de la fili\u00e8re vin, petite-fille de vigneron de Ch\u00e2teauneuf-du-Pape, Caroline a exerc\u00e9 comme responsable export pour un domaine du Languedoc avant de rejoindre l&rsquo;\u00e9quipe de l&rsquo;ISV.\u00a0 Elle est votre interlocutrice unique de l&rsquo;admission \u00e0 votre placement en entreprise. Elle vous aidera \u00e0 prendre la meilleure d\u00e9cision pour votre avenir. R\u00e9servez d\u00e8s maintenant votre cr\u00e9neau, nos places sont limit\u00e9es !<\/p>\n<p>[\/et_pb_text][\/et_pb_column][\/et_pb_row][et_pb_row _builder_version=\u00a0\u00bb4.16&Prime; custom_padding=\u00a0\u00bb15px|15px|15px|15px\u00a0\u00bb z_index_tablet=\u00a0\u00bb500&Prime; box_shadow_horizontal_tablet=\u00a0\u00bb0px\u00a0\u00bb box_shadow_vertical_tablet=\u00a0\u00bb0px\u00a0\u00bb box_shadow_blur_tablet=\u00a0\u00bb40px\u00a0\u00bb box_shadow_spread_tablet=\u00a0\u00bb0px\u00a0\u00bb global_colors_info=\u00a0\u00bb{}\u00a0\u00bb][et_pb_column type=\u00a0\u00bb4_4&Prime; _builder_version=\u00a0\u00bb4.16&Prime; custom_padding=\u00a0\u00bb|||\u00a0\u00bb global_colors_info=\u00a0\u00bb{}\u00a0\u00bb custom_padding__hover=\u00a0\u00bb|||\u00a0\u00bb][et_pb_text _builder_version=\u00a0\u00bb4.16&Prime; text_orientation=\u00a0\u00bbjustified\u00a0\u00bb custom_margin=\u00a0\u00bb0px|||\u00a0\u00bb custom_padding=\u00a0\u00bb0px|||\u00a0\u00bb z_index_tablet=\u00a0\u00bb500&Prime; text_text_shadow_horizontal_length_tablet=\u00a0\u00bb0px\u00a0\u00bb text_text_shadow_vertical_length_tablet=\u00a0\u00bb0px\u00a0\u00bb text_text_shadow_blur_strength_tablet=\u00a0\u00bb1px\u00a0\u00bb link_text_shadow_horizontal_length_tablet=\u00a0\u00bb0px\u00a0\u00bb link_text_shadow_vertical_length_tablet=\u00a0\u00bb0px\u00a0\u00bb link_text_shadow_blur_strength_tablet=\u00a0\u00bb1px\u00a0\u00bb ul_text_shadow_horizontal_length_tablet=\u00a0\u00bb0px\u00a0\u00bb ul_text_shadow_vertical_length_tablet=\u00a0\u00bb0px\u00a0\u00bb ul_text_shadow_blur_strength_tablet=\u00a0\u00bb1px\u00a0\u00bb ol_text_shadow_horizontal_length_tablet=\u00a0\u00bb0px\u00a0\u00bb ol_text_shadow_vertical_length_tablet=\u00a0\u00bb0px\u00a0\u00bb ol_text_shadow_blur_strength_tablet=\u00a0\u00bb1px\u00a0\u00bb quote_text_shadow_horizontal_length_tablet=\u00a0\u00bb0px\u00a0\u00bb quote_text_shadow_vertical_length_tablet=\u00a0\u00bb0px\u00a0\u00bb quote_text_shadow_blur_strength_tablet=\u00a0\u00bb1px\u00a0\u00bb header_text_shadow_horizontal_length_tablet=\u00a0\u00bb0px\u00a0\u00bb header_text_shadow_vertical_length_tablet=\u00a0\u00bb0px\u00a0\u00bb header_text_shadow_blur_strength_tablet=\u00a0\u00bb1px\u00a0\u00bb header_2_text_shadow_horizontal_length_tablet=\u00a0\u00bb0px\u00a0\u00bb header_2_text_shadow_vertical_length_tablet=\u00a0\u00bb0px\u00a0\u00bb header_2_text_shadow_blur_strength_tablet=\u00a0\u00bb1px\u00a0\u00bb header_3_text_shadow_horizontal_length_tablet=\u00a0\u00bb0px\u00a0\u00bb header_3_text_shadow_vertical_length_tablet=\u00a0\u00bb0px\u00a0\u00bb header_3_text_shadow_blur_strength_tablet=\u00a0\u00bb1px\u00a0\u00bb header_4_text_shadow_horizontal_length_tablet=\u00a0\u00bb0px\u00a0\u00bb header_4_text_shadow_vertical_length_tablet=\u00a0\u00bb0px\u00a0\u00bb header_4_text_shadow_blur_strength_tablet=\u00a0\u00bb1px\u00a0\u00bb header_5_text_shadow_horizontal_length_tablet=\u00a0\u00bb0px\u00a0\u00bb header_5_text_shadow_vertical_length_tablet=\u00a0\u00bb0px\u00a0\u00bb header_5_text_shadow_blur_strength_tablet=\u00a0\u00bb1px\u00a0\u00bb header_6_text_shadow_horizontal_length_tablet=\u00a0\u00bb0px\u00a0\u00bb header_6_text_shadow_vertical_length_tablet=\u00a0\u00bb0px\u00a0\u00bb header_6_text_shadow_blur_strength_tablet=\u00a0\u00bb1px\u00a0\u00bb box_shadow_horizontal_tablet=\u00a0\u00bb0px\u00a0\u00bb box_shadow_vertical_tablet=\u00a0\u00bb0px\u00a0\u00bb box_shadow_blur_tablet=\u00a0\u00bb40px\u00a0\u00bb box_shadow_spread_tablet=\u00a0\u00bb0px\u00a0\u00bb global_colors_info=\u00a0\u00bb{}\u00a0\u00bb]<\/p>\n<h4><strong>D\u00e9couvrez nos formations sp\u00e9cialis\u00e9es et certifi\u00e9es dans les vins et spiritueux\u00a0<\/strong><\/h4>\n<p><strong>D\u00e9couvrez les formations sp\u00e9cialis\u00e9es dans les vins et spiritueux, au c\u0153ur de l\u2019expertise de l\u2019ISV !<\/strong> Nos programmes <a href=\"https:\/\/www.isvin.fr\/formations\/bachelor-commerce-et-marketing-du-vin\/\"><strong>Bachelor Commerce et Marketing des Vins et Spiritueux<\/strong><\/a> et <a href=\"https:\/\/www.isvin.fr\/formations\/mba-wine-and-spirits-international-management\/\"><strong>Mast\u00e8re Wine &amp; Spirits International Management<\/strong> <\/a>sont con\u00e7us pour allier th\u00e9orie et pratique. Accessibles en initial et en alternance, nos formations vous permettent de d\u00e9velopper des comp\u00e9tences en marketing, commerce, export, communication&#8230; appliqu\u00e9es sp\u00e9cifiquement aux enjeux de la fili\u00e8re vinicole. Avec des cours dispens\u00e9s par des professionnels du secteur, nos programmes vous ouvrent les portes d\u2019une carri\u00e8re enrichissante dans le monde du vin et des spiritueux. <a href=\"https:\/\/www.isvin.fr\/admissions-isv\/\">Rejoignez-nous<\/a> pour une immersion compl\u00e8te et d\u00e9couvrez comment nos dipl\u00f4mes certifi\u00e9s par l\u2019\u00c9tat vous aident \u00e0 construire votre avenir professionnel.<\/p>\n<p>[\/et_pb_text][\/et_pb_column][\/et_pb_row][\/et_pb_section]<\/p>\n","protected":false},"excerpt":{"rendered":"<p>[et_pb_section fb_built=\u00a0\u00bb1&Prime; fullwidth=\u00a0\u00bbon\u00a0\u00bb _builder_version=\u00a0\u00bb4.16&Prime; custom_margin=\u00a0\u00bb||0px|\u00a0\u00bb z_index_tablet=\u00a0\u00bb500&Prime; box_shadow_horizontal_tablet=\u00a0\u00bb0px\u00a0\u00bb box_shadow_vertical_tablet=\u00a0\u00bb0px\u00a0\u00bb box_shadow_blur_tablet=\u00a0\u00bb40px\u00a0\u00bb box_shadow_spread_tablet=\u00a0\u00bb0px\u00a0\u00bb global_colors_info=\u00a0\u00bb{}\u00a0\u00bb][et_pb_fullwidth_header title=\u00a0\u00bbPrendre RDV\u00a0\u00bb _builder_version=\u00a0\u00bb4.16&Prime; background_image=\u00a0\u00bbhttps:\/\/www.isvin.fr\/wp-content\/uploads\/2019\/07\/51647876_2139290036127581_1748026061402144768_o.jpg\u00a0\u00bb z_index_tablet=\u00a0\u00bb500&Prime; title_text_shadow_horizontal_length_tablet=\u00a0\u00bb0px\u00a0\u00bb title_text_shadow_vertical_length_tablet=\u00a0\u00bb0px\u00a0\u00bb title_text_shadow_blur_strength_tablet=\u00a0\u00bb1px\u00a0\u00bb content_text_shadow_horizontal_length_tablet=\u00a0\u00bb0px\u00a0\u00bb content_text_shadow_vertical_length_tablet=\u00a0\u00bb0px\u00a0\u00bb content_text_shadow_blur_strength_tablet=\u00a0\u00bb1px\u00a0\u00bb subhead_text_shadow_horizontal_length_tablet=\u00a0\u00bb0px\u00a0\u00bb subhead_text_shadow_vertical_length_tablet=\u00a0\u00bb0px\u00a0\u00bb subhead_text_shadow_blur_strength_tablet=\u00a0\u00bb1px\u00a0\u00bb content_link_text_shadow_horizontal_length_tablet=\u00a0\u00bb0px\u00a0\u00bb content_link_text_shadow_vertical_length_tablet=\u00a0\u00bb0px\u00a0\u00bb content_link_text_shadow_blur_strength_tablet=\u00a0\u00bb1px\u00a0\u00bb content_ul_text_shadow_horizontal_length_tablet=\u00a0\u00bb0px\u00a0\u00bb content_ul_text_shadow_vertical_length_tablet=\u00a0\u00bb0px\u00a0\u00bb content_ul_text_shadow_blur_strength_tablet=\u00a0\u00bb1px\u00a0\u00bb content_ol_text_shadow_horizontal_length_tablet=\u00a0\u00bb0px\u00a0\u00bb content_ol_text_shadow_vertical_length_tablet=\u00a0\u00bb0px\u00a0\u00bb content_ol_text_shadow_blur_strength_tablet=\u00a0\u00bb1px\u00a0\u00bb content_quote_text_shadow_horizontal_length_tablet=\u00a0\u00bb0px\u00a0\u00bb content_quote_text_shadow_vertical_length_tablet=\u00a0\u00bb0px\u00a0\u00bb content_quote_text_shadow_blur_strength_tablet=\u00a0\u00bb1px\u00a0\u00bb button_one_text_shadow_horizontal_length_tablet=\u00a0\u00bb0px\u00a0\u00bb button_one_text_shadow_vertical_length_tablet=\u00a0\u00bb0px\u00a0\u00bb button_one_text_shadow_blur_strength_tablet=\u00a0\u00bb1px\u00a0\u00bb button_two_text_shadow_horizontal_length_tablet=\u00a0\u00bb0px\u00a0\u00bb button_two_text_shadow_vertical_length_tablet=\u00a0\u00bb0px\u00a0\u00bb button_two_text_shadow_blur_strength_tablet=\u00a0\u00bb1px\u00a0\u00bb box_shadow_horizontal_tablet=\u00a0\u00bb0px\u00a0\u00bb box_shadow_vertical_tablet=\u00a0\u00bb0px\u00a0\u00bb box_shadow_blur_tablet=\u00a0\u00bb40px\u00a0\u00bb box_shadow_spread_tablet=\u00a0\u00bb0px\u00a0\u00bb box_shadow_horizontal_image_tablet=\u00a0\u00bb0px\u00a0\u00bb box_shadow_vertical_image_tablet=\u00a0\u00bb0px\u00a0\u00bb box_shadow_blur_image_tablet=\u00a0\u00bb40px\u00a0\u00bb box_shadow_spread_image_tablet=\u00a0\u00bb0px\u00a0\u00bb box_shadow_horizontal_button_one_tablet=\u00a0\u00bb0px\u00a0\u00bb box_shadow_vertical_button_one_tablet=\u00a0\u00bb0px\u00a0\u00bb box_shadow_blur_button_one_tablet=\u00a0\u00bb40px\u00a0\u00bb box_shadow_spread_button_one_tablet=\u00a0\u00bb0px\u00a0\u00bb [&hellip;]<\/p>\n","protected":false},"author":528,"featured_media":0,"parent":6633,"menu_order":20,"comment_status":"closed","ping_status":"closed","template":"","meta":{"_acf_changed":false,"_seopress_robots_primary_cat":"","_seopress_titles_title":"","_seopress_titles_desc":"R\u00e9servez votre RDV d&#039;info avec l&#039;ISV. Discutez avec notre experte et trouvez votre voie dans les vins et spiritueux","_seopress_robots_index":"","footnotes":""},"class_list":["post-15251","page","type-page","status-publish","hentry"],"acf":[],"_links":{"self":[{"href":"https:\/\/www.isvin.fr\/en\/wp-json\/wp\/v2\/pages\/15251","targetHints":{"allow":["GET"]}}],"collection":[{"href":"https:\/\/www.isvin.fr\/en\/wp-json\/wp\/v2\/pages"}],"about":[{"href":"https:\/\/www.isvin.fr\/en\/wp-json\/wp\/v2\/types\/page"}],"author":[{"embeddable":true,"href":"https:\/\/www.isvin.fr\/en\/wp-json\/wp\/v2\/users\/528"}],"replies":[{"embeddable":true,"href":"https:\/\/www.isvin.fr\/en\/wp-json\/wp\/v2\/comments?post=15251"}],"version-history":[{"count":0,"href":"https:\/\/www.isvin.fr\/en\/wp-json\/wp\/v2\/pages\/15251\/revisions"}],"up":[{"embeddable":true,"href":"https:\/\/www.isvin.fr\/en\/wp-json\/wp\/v2\/pages\/6633"}],"wp:attachment":[{"href":"https:\/\/www.isvin.fr\/en\/wp-json\/wp\/v2\/media?parent=15251"}],"curies":[{"name":"wp","href":"https:\/\/api.w.org\/{rel}","templated":true}]}}