{"id":14359,"date":"2023-12-11T12:31:44","date_gmt":"2023-12-11T11:31:44","guid":{"rendered":"https:\/\/www.isvin.fr\/?page_id=14359"},"modified":"2026-01-14T22:14:33","modified_gmt":"2026-01-14T21:14:33","slug":"mentions-legales","status":"publish","type":"page","link":"https:\/\/www.isvin.fr\/en\/mentions-legales\/","title":{"rendered":"Legal information"},"content":{"rendered":"<p>Conform\u00e9ment aux dispositions de l\u2019article 6 de la loi n\u00b02004-575 du 21 juin 2004 relative \u00e0 la confiance dans l\u2019\u00e9conomie num\u00e9rique, l\u2019\u00e9diteur du site <a href=\"https:\/\/www.isvin.fr\/en\/\">https:\/\/www.isvin.fr<\/a> est :<\/p>\n<p>GALILEO GLOBAL EDUCATION FRANCE, Soci\u00e9t\u00e9 par actions simplifi\u00e9e \u00e0 associ\u00e9 unique, au capital de 102 691 775,00 euros, immatricul\u00e9e au registre du commerce et des soci\u00e9t\u00e9s de PARIS, sous le num\u00e9ro 752 994 566, dont le si\u00e8ge social est situ\u00e9 41 RUE SAINT SEBASTIEN 75011 PARIS.<\/p>\n<p>Num\u00e9ro de t\u00e9l\u00e9phone : 01 55 28 01 20<\/p>\n<p>Adresse \u00e9lectronique : <a href=\"mailto:contact@ggeedu.fr\">contact@ggeedu.fr<\/a><\/p>\n<p>N\u00b0 de TVA intracommunautaire : FR83752994566<\/p>\n<h3><strong>Directeur de la publication<\/strong><\/h3>\n<p>Le directeur de la publication du site web <a href=\"https:\/\/www.isvin.fr\/en\/\">https:\/\/www.isvin.fr<\/a> est la soci\u00e9t\u00e9 Galileo Global Education France en sa qualit\u00e9 de pr\u00e9sident.<\/p>\n<h3><strong>H\u00e9bergeur<\/strong><\/h3>\n<p>Le prestataire assurant le stockage direct et permanent est la soci\u00e9t\u00e9 OVH SAS 2 rue Kellermann &#8211; 59100 Roubaix &#8211; France T\u00e9l. +33 (0)8 99 70 17 61 <a class=\"LinkOut\" href=\"http:\/\/www.ovh.com\/\" target=\"_blank\" rel=\"noopener\">www.ovh.com<\/a><\/p>\n<h3><strong>Protection des donn\u00e9es \u00e0 caract\u00e8re personnel<\/strong><\/h3>\n<p>Galileo Global Education France est responsable du traitement des donn\u00e9es \u00e0 caract\u00e8re personnel concernant les utilisateurs du site ISVin Les donn\u00e9es \u00e0 caract\u00e8re personnel des utilisateurs sont collect\u00e9es afin de g\u00e9rer leurs demandes.<\/p>\n<p>Pour en savoir plus, l\u2019utilisateur est invit\u00e9 \u00e0 prendre connaissance de notre politique de protection des donn\u00e9es \u00e0 l\u2019adresse <a href=\"https:\/\/www.isvin.fr\/en\/personal-data\/\">https:\/\/www.isvin.fr\/donnees-personnelles\/\u00a0<\/a><\/p>\n<h3><strong>Cookies<\/strong><\/h3>\n<h1><a name=\"_Toc184031396\"><\/a>1.\u00a0 D\u00e9finitions<\/h1>\n<p>Les cookies sont des informations d\u00e9pos\u00e9es dans l\u2019\u00e9quipement terminal d\u2019un internaute par le serveur du site internet visit\u00e9. Ils sont utilis\u00e9s par un site internet pour envoyer des informations au navigateur de l\u2019internaute et permettre \u00e0 ce navigateur de renvoyer des informations au site d\u2019origine (par exemple un identifiant de session ou le choix d\u2019une langue).<\/p>\n<p>Seul l\u2019\u00e9metteur d\u2019un cookie peut lire ou modifier les informations qui y sont contenues.<\/p>\n<p>Il existe diff\u00e9rents types de cookies :<\/p>\n<ul>\n<li>des cookies de session qui disparaissent d\u00e8s que vous quittez le site ;<\/li>\n<li>des cookies permanents qui demeurent sur votre terminal jusqu\u2019\u00e0 expiration de leur dur\u00e9e de vie ou jusqu\u2019\u00e0 ce que vous les supprimiez \u00e0 l\u2019aide des fonctionnalit\u00e9s de votre navigateur.<\/li>\n<\/ul>\n<p>Vous \u00eates inform\u00e9 que, lors de vos visites sur ce site, des cookies peuvent \u00eatre install\u00e9s sur votre \u00e9quipement terminal.<\/p>\n<h1><a name=\"_Toc184031397\"><\/a>2.\u00a0 Finalit\u00e9 des cookies utilis\u00e9s<\/h1>\n<p>Certains des cookies utilis\u00e9s par l&rsquo;Institut Sup\u00e9rieur du Vin ont pour finalit\u00e9 exclusive de permettre ou faciliter la communication par voie \u00e9lectronique (d\u00e9tection des erreurs de connexion, identification des points de connexion\u2026).<\/p>\n<p>D\u2019autres sont strictement n\u00e9cessaires \u00e0 la fourniture de services de communication en ligne \u00e0 votre demande expresse (pr\u00e9f\u00e9rences d\u2019affichage \u00e0 l\u2019\u00e9cran\u2026).<\/p>\n<p>D\u2019autres encore sont utilis\u00e9s dans le but :<\/p>\n<ul>\n<li>d\u2019analyser la fr\u00e9quentation et l\u2019utilisation qui est faite du site, pour pouvoir le faire \u00e9voluer dans le sens d\u2019une am\u00e9lioration de l\u2019exp\u00e9rience de navigation ;<\/li>\n<li>d\u2019am\u00e9liorer la pertinence des annonces publicitaires diffus\u00e9es sur le site ;<\/li>\n<li>de rendre le site plus convivial et interactif<\/li>\n<\/ul>\n<p>Pour en savoir plus, vous pouvez consulter dans le d\u00e9tail la liste des cookies en cliquant sur ce lien <a href=\"https:\/\/www.isvin.fr\/en\/cookies\/\">www.isvin.fr\/cookies<\/a><\/p>\n<h1><a name=\"_Toc184031398\"><\/a>3.\u00a0 Consentement<\/h1>\n<p>Lors de votre premi\u00e8re visite sur notre site, il vous est propos\u00e9 d\u2019accepter ou de refuser l\u2019utilisation de certains cookies.<\/p>\n<p>Si vous ne souhaitez pas que des cookies soient install\u00e9s ou lus sur votre \u00e9quipement terminal, un cookie de refus sera d\u00e9pos\u00e9 sur votre \u00e9quipement, afin que l&rsquo;Institut Sup\u00e9rieur du Vin enregistre l\u2019information selon laquelle vous vous \u00eates oppos\u00e9 \u00e0 l\u2019utilisation de cookies.<\/p>\n<p>Vous \u00eates inform\u00e9 que lorsque vous refusez le d\u00e9p\u00f4t de l\u2019ensemble des cookies, y compris les cookies fonctionnels, certaines fonctionnalit\u00e9s, pages ou espaces du site ne seront pas accessibles ce dont nous ne saurions \u00eatre responsables.<\/p>\n<p>Si vous supprimez le cookie de refus, il ne sera plus possible de vous identifier comme ayant refus\u00e9 l\u2019utilisation de cookies.<\/p>\n<p>De m\u00eame, lorsque vous acceptez le recours aux cookies, un cookie de consentement est install\u00e9.<\/p>\n<p>Les cookies de consentement ou de refus doivent rester sur votre \u00e9quipement terminal. Vous pouvez \u00e0 tout moment modifier vos souhaits comme indiqu\u00e9 \u00e0 la section suivante intitul\u00e9e \u00ab Gestion des cookies \u00bb.<\/p>\n<h1><a name=\"_Toc184031399\"><\/a>4.\u00a0 Gestion des cookies<\/h1>\n<p>Vous disposez de plusieurs options pour supprimer et g\u00e9rer les cookies et autres traceurs.<\/p>\n<h2><a name=\"_Toc184031400\"><\/a>4.1 Param\u00e9trage du navigateur<\/h2>\n<p>Si la plupart des navigateurs sont param\u00e9tr\u00e9s par d\u00e9faut et acceptent l\u2019installation de cookies, vous avez la possibilit\u00e9, si vous le souhaitez, de choisir d\u2019accepter tous les cookies, de les rejeter syst\u00e9matiquement ou encore de choisir ceux que vous acceptez selon leur \u00e9metteur. Vous pouvez \u00e9galement r\u00e9guli\u00e8rement supprimer les cookies de votre terminal via votre navigateur.<\/p>\n<p>N\u2019oubliez pas cependant de param\u00e9trer l\u2019ensemble des navigateurs de vos diff\u00e9rents terminaux (tablettes, smartphones, ordinateurs\u2026).<\/p>\n<p>Pour la gestion des cookies et de vos choix, la configuration de chaque navigateur est diff\u00e9rente. Elle est d\u00e9crite dans le menu d&rsquo;aide de votre navigateur, qui vous permettra de savoir de quelle mani\u00e8re modifier vos souhaits en mati\u00e8re de cookies. A titre d\u2019exemple :<\/p>\n<ul>\n<li>pour Internet Explorer\u2122 : <a href=\"http:\/\/windows.microsoft.com\/fr-FR\/windows-vista\/Block-or-allow-cookies\">http:\/\/windows.microsoft.com\/fr-FR\/windows-vista\/Block-or-allow-cookies<\/a> ;<\/li>\n<li>pour Safari\u2122 : <a href=\"https:\/\/support.apple.com\/fr-fr\/safari\">https:\/\/support.apple.com\/fr-fr\/safari<\/a> ;<\/li>\n<li>pour Chrome\u2122: <a href=\"http:\/\/support.google.com\/chrome\/bin\/answer.py?hl=fr&amp;hlrm=en&amp;answer=95647\">http:\/\/support.google.com\/chrome\/bin\/answer.py?hl=fr&amp;hlrm=en&amp;answer=95647<\/a> ;<\/li>\n<li>pour Firefox\u2122 : <a href=\"https:\/\/support.mozilla.org\/fr\/kb\/autoriser-bloquer-cookies-preferences-sites?redirectlocale=fr&amp;redirectslug=activer-desactiver-cookies\">https:\/\/support.mozilla.org\/fr\/kb\/autoriser-bloquer-cookies-preferences-sites?redirectlocale=fr&amp;redirectslug=activer-desactiver-cookies<\/a> ;<\/li>\n<li>pour Opera\u2122 : <a href=\"http:\/\/help.opera.com\/Windows\/10.20\/fr\/cookies.html\">http:\/\/help.opera.com\/Windows\/10.20\/fr\/cookies.html<\/a>.<\/li>\n<\/ul>\n<p>Nous attirons toutefois votre attention sur le fait qu\u2019en param\u00e9trant votre navigateur pour refuser les cookies, certaines fonctionnalit\u00e9s, pages, espaces du site ne seront pas accessibles, ce dont nous ne saurions \u00eatre responsables<\/p>\n<h2><a name=\"_Toc184031401\"><\/a>4.2 Module de gestion des cookies<\/h2>\n<p>Enfin, un module vous permet de choisir les cookies que vous souhaitez accepter et ceux que vous souhaitez refuser sur ce site.<\/p>\n<p>\u00c0 tout moment, en cliquant sur ce lien vous pourrez acc\u00e9der au module et modifier vos pr\u00e9f\u00e9rences.<\/p>\n<h3><strong>Sites partenaires<\/strong><\/h3>\n<p>Galileo Global Education travaille avec des entreprises prestigieuses en parrainant des programmes acad\u00e9miques ou en tant que partenaires de Executive Education. Galileo Global Education a \u00e9galement conclu des accords acad\u00e9miques et d\u2019\u00e9change avec de grandes universit\u00e9s du monde entier. Dans le cadre de leurs services, ces soci\u00e9t\u00e9s exploitent des sites Web et peuvent afficher le nom, les logos et d\u2019autres informations de Galileo Global Education. Si vous avez des questions sur un partenaire, veuillez consulter la section \u00ab Contactez-nous \u00bb.<\/p>\n<h3><strong>Liens vers d\u2019autres sites<\/strong><\/h3>\n<p>Ce site Web contient des liens vers d\u2019autres sites qui ne sont pas la propri\u00e9t\u00e9 de Galileo Global Education ni ne sont contr\u00f4l\u00e9s directement par celle-ci. Veuillez noter que Galileo Global Education n\u2019est pas responsable des pratiques de confidentialit\u00e9 de ces autres sites. Nous vous encourageons \u00e0 \u00eatre conscient lorsque vous quittez notre site et \u00e0 lire les politiques de confidentialit\u00e9 de chaque site Web auquel vous fournissez des informations personnelles.<\/p>","protected":false},"excerpt":{"rendered":"<p>Conform\u00e9ment aux dispositions de l\u2019article 6 de la loi n\u00b02004-575 du 21 juin 2004 relative \u00e0 la confiance dans l\u2019\u00e9conomie num\u00e9rique, l\u2019\u00e9diteur du site https:\/\/www.isvin.fr est : GALILEO GLOBAL EDUCATION FRANCE, Soci\u00e9t\u00e9 par actions simplifi\u00e9e \u00e0 associ\u00e9 unique, au capital de 102 691 775,00 euros, immatricul\u00e9e au registre du commerce et des soci\u00e9t\u00e9s de PARIS, [&hellip;]<\/p>\n","protected":false},"author":528,"featured_media":0,"parent":0,"menu_order":0,"comment_status":"closed","ping_status":"closed","template":"","meta":{"_acf_changed":false,"_seopress_robots_primary_cat":"","_seopress_titles_title":"","_seopress_titles_desc":"mentions l\u00e9gales ISVin : retrouvez ici l'ensemble des mentions l\u00e9gales concernant notre site ISVin h\u00e9berg\u00e9 par OVH","_seopress_robots_index":"","footnotes":""},"class_list":["post-14359","page","type-page","status-publish","hentry"],"acf":[],"_links":{"self":[{"href":"https:\/\/www.isvin.fr\/en\/wp-json\/wp\/v2\/pages\/14359","targetHints":{"allow":["GET"]}}],"collection":[{"href":"https:\/\/www.isvin.fr\/en\/wp-json\/wp\/v2\/pages"}],"about":[{"href":"https:\/\/www.isvin.fr\/en\/wp-json\/wp\/v2\/types\/page"}],"author":[{"embeddable":true,"href":"https:\/\/www.isvin.fr\/en\/wp-json\/wp\/v2\/users\/528"}],"replies":[{"embeddable":true,"href":"https:\/\/www.isvin.fr\/en\/wp-json\/wp\/v2\/comments?post=14359"}],"version-history":[{"count":0,"href":"https:\/\/www.isvin.fr\/en\/wp-json\/wp\/v2\/pages\/14359\/revisions"}],"wp:attachment":[{"href":"https:\/\/www.isvin.fr\/en\/wp-json\/wp\/v2\/media?parent=14359"}],"curies":[{"name":"wp","href":"https:\/\/api.w.org\/{rel}","templated":true}]}}